{"id":11,"date":"2016-07-17T11:41:40","date_gmt":"2016-07-17T09:41:40","guid":{"rendered":"http:\/\/www.isi4.de\/?page_id=11"},"modified":"2021-09-09T09:20:44","modified_gmt":"2021-09-09T07:20:44","slug":"impressum","status":"publish","type":"page","link":"https:\/\/www.isi4.de\/?page_id=11","title":{"rendered":"Impressum"},"content":{"rendered":"<p>SO ERREICHEN SIE UNS<br \/>\nisi4 AG<br \/>\nIndustriehof 6<br \/>\n77933 Lahr<br \/>\nmail-an@isi4.de<\/p>\n<p>Handelsregister: HRB 724341<br \/>\nUmSt-ID DE344947625 <\/p>\n<p>isi4 wird vertreten durch den Vorstand<br \/>\nDipl. Ing. Ulrich M. Kipper <\/p>\n<p>isi4 nutzt Produkte und Leistungen der<br \/>\nit-werke Service GmbH<br \/>\nIndustriehof 6 H<br \/>\n77933 Lahr<br \/>\nDeutschland<br \/>\nfon: +49 7821 920 670 \u2013 0<br \/>\nfax: +49 7821 920 670 \u2013 15<br \/>\nmail: info@it-werke.com<\/p>\n<p>Gesetzlicher Vertreter it-werke:<br \/>\nDipl. Ing. Ulrich M. Kipper<br \/>\nUST-ID: DE142553031<br \/>\nHR Freiburg Nr: 391479<\/p>\n<p>Inhaltlich Verantwortlicher gem\u00e4\u00df \u00a7 6 MDStV:<br \/>\nUlrich M. Kipper<\/p>\n<p>Bildquellen:<\/p>\n<p>Shutterstock<\/p>\n<p>Haftungshinweis:<br \/>\nTrotz sorgf\u00e4ltiger inhaltlicher Kontrolle \u00fcbernehmen wir keine Haftung f\u00fcr die Inhalte externer Links. F\u00fcr den Inhalt der verlinkten Seiten sind ausschlie\u00dflich deren Betreiber verantwortlich.<\/p>\n","protected":false},"excerpt":{"rendered":"<p>SO ERREICHEN SIE UNS isi4 AG Industriehof 6 77933 Lahr mail-an@isi4.de Handelsregister: HRB 724341 UmSt-ID DE344947625 isi4 wird vertreten durch den Vorstand Dipl. Ing. Ulrich M. Kipper isi4 nutzt Produkte &#8230;<\/p>\n","protected":false},"author":1,"featured_media":0,"parent":0,"menu_order":0,"comment_status":"closed","ping_status":"closed","template":"","meta":{"_acf_changed":false,"footnotes":""},"acf":[],"_links":{"self":[{"href":"https:\/\/www.isi4.de\/index.php?rest_route=\/wp\/v2\/pages\/11"}],"collection":[{"href":"https:\/\/www.isi4.de\/index.php?rest_route=\/wp\/v2\/pages"}],"about":[{"href":"https:\/\/www.isi4.de\/index.php?rest_route=\/wp\/v2\/types\/page"}],"author":[{"embeddable":true,"href":"https:\/\/www.isi4.de\/index.php?rest_route=\/wp\/v2\/users\/1"}],"replies":[{"embeddable":true,"href":"https:\/\/www.isi4.de\/index.php?rest_route=%2Fwp%2Fv2%2Fcomments&post=11"}],"version-history":[{"count":5,"href":"https:\/\/www.isi4.de\/index.php?rest_route=\/wp\/v2\/pages\/11\/revisions"}],"predecessor-version":[{"id":116,"href":"https:\/\/www.isi4.de\/index.php?rest_route=\/wp\/v2\/pages\/11\/revisions\/116"}],"wp:attachment":[{"href":"https:\/\/www.isi4.de\/index.php?rest_route=%2Fwp%2Fv2%2Fmedia&parent=11"}],"curies":[{"name":"wp","href":"https:\/\/api.w.org\/{rel}","templated":true}]}}