{"id":88,"date":"2016-07-20T13:08:06","date_gmt":"2016-07-20T11:08:06","guid":{"rendered":"http:\/\/www.isi4.de\/?page_id=88"},"modified":"2016-07-20T13:09:56","modified_gmt":"2016-07-20T11:09:56","slug":"isi2start","status":"publish","type":"page","link":"https:\/\/www.isi4.de\/?page_id=88","title":{"rendered":"isi2start"},"content":{"rendered":"<p><strong>isi <img decoding=\"async\" class=\"alignnone size-medium wp-image-84\" src=\"http:\/\/www.isi4.de\/wp-content\/uploads\/2016\/07\/isi4_button_rot100x100-300x296.png\" alt=\"isi4_button_rot100x100\" width=\"100\" height=\"99\" srcset=\"https:\/\/www.isi4.de\/wp-content\/uploads\/2016\/07\/isi4_button_rot100x100-300x296.png 300w, https:\/\/www.isi4.de\/wp-content\/uploads\/2016\/07\/isi4_button_rot100x100-150x150.png 150w, https:\/\/www.isi4.de\/wp-content\/uploads\/2016\/07\/isi4_button_rot100x100.png 310w\" sizes=\"(max-width: 100px) 100vw, 100px\" \/><\/strong><strong>\u00a0you 2 start<\/strong><\/p>\n<p>Sie rufen uns an.<br \/>\nSie sagen uns was Sie f\u00fcr Ihre Stadt wollen.<br \/>\nWir sagen Ihnen was wir k\u00f6nnen.<\/p>\n<p><strong>Und dann sprechen wir zusammen \u00fcber die Zukunft<\/strong><\/p>\n<p>&nbsp;<\/p>\n<p><strong>isi <img decoding=\"async\" class=\"alignnone size-medium wp-image-84\" src=\"http:\/\/www.isi4.de\/wp-content\/uploads\/2016\/07\/isi4_button_rot100x100-300x296.png\" alt=\"isi4_button_rot100x100\" width=\"100\" height=\"99\" srcset=\"https:\/\/www.isi4.de\/wp-content\/uploads\/2016\/07\/isi4_button_rot100x100-300x296.png 300w, https:\/\/www.isi4.de\/wp-content\/uploads\/2016\/07\/isi4_button_rot100x100-150x150.png 150w, https:\/\/www.isi4.de\/wp-content\/uploads\/2016\/07\/isi4_button_rot100x100.png 310w\" sizes=\"(max-width: 100px) 100vw, 100px\" \/><\/strong><strong>\u00a0you<\/strong><\/p>\n","protected":false},"excerpt":{"rendered":"<p>isi \u00a0you 2 start Sie rufen uns an. Sie sagen uns was Sie f\u00fcr Ihre Stadt wollen. Wir sagen Ihnen was wir k\u00f6nnen. Und dann sprechen wir zusammen \u00fcber die &#8230;<\/p>\n","protected":false},"author":1,"featured_media":0,"parent":0,"menu_order":0,"comment_status":"closed","ping_status":"closed","template":"","meta":{"_acf_changed":false,"footnotes":""},"acf":[],"_links":{"self":[{"href":"https:\/\/www.isi4.de\/index.php?rest_route=\/wp\/v2\/pages\/88"}],"collection":[{"href":"https:\/\/www.isi4.de\/index.php?rest_route=\/wp\/v2\/pages"}],"about":[{"href":"https:\/\/www.isi4.de\/index.php?rest_route=\/wp\/v2\/types\/page"}],"author":[{"embeddable":true,"href":"https:\/\/www.isi4.de\/index.php?rest_route=\/wp\/v2\/users\/1"}],"replies":[{"embeddable":true,"href":"https:\/\/www.isi4.de\/index.php?rest_route=%2Fwp%2Fv2%2Fcomments&post=88"}],"version-history":[{"count":2,"href":"https:\/\/www.isi4.de\/index.php?rest_route=\/wp\/v2\/pages\/88\/revisions"}],"predecessor-version":[{"id":90,"href":"https:\/\/www.isi4.de\/index.php?rest_route=\/wp\/v2\/pages\/88\/revisions\/90"}],"wp:attachment":[{"href":"https:\/\/www.isi4.de\/index.php?rest_route=%2Fwp%2Fv2%2Fmedia&parent=88"}],"curies":[{"name":"wp","href":"https:\/\/api.w.org\/{rel}","templated":true}]}}